{"id":34052,"date":"2024-07-02T10:58:22","date_gmt":"2024-07-02T08:58:22","guid":{"rendered":"https:\/\/deinox.eu\/?post_type=product&#038;p=34052"},"modified":"2024-08-13T10:25:19","modified_gmt":"2024-08-13T08:25:19","slug":"zjezdzalnia-z-fala-wysokie-burty-deinox-btwf-40-500-h2000","status":"publish","type":"product","link":"https:\/\/deinox.eu\/es\/produkt\/zjezdzalnia-z-fala-wysokie-burty-deinox-btwf-40-500-h2000\/","title":{"rendered":"Zje\u017cd\u017calnia z fal\u0105 wysokie burty DEINOX BTWF-40-500 H2000"},"content":{"rendered":"<ul>\n<li>Wykonana ze stali nierdzewnej 1.4301.<\/li>\n<li>Konstrukcja przeznaczona do zamocowania do wie\u017cy\/podestu o wysoko\u015bci 1.75m &#8211; 2.0m.<\/li>\n<li>Powierzchnia wewn\u0119trzna zje\u017cd\u017calni stanowi w ca\u0142o\u015bci powierzchni\u0119 u\u017cytkow\u0105.<\/li>\n<li>Zje\u017cd\u017calnia zosta\u0142a zaprojektowana w zgodno\u015bci z norm\u0105 PN-EN 1176-3:2017-12.<\/li>\n<li>Gwarancja na okres 5 lat.<\/li>\n<\/ul>\n","protected":false},"excerpt":{"rendered":"<ul>\n<li>Wykonana ze stali nierdzewnej 1.4301.<\/li>\n<li>Konstrukcja przeznaczona do zamocowania do wie\u017cy\/podestu o wysoko\u015bci 1.75m &#8211; 2.0m.<\/li>\n<li>Powierzchnia wewn\u0119trzna zje\u017cd\u017calni stanowi w ca\u0142o\u015bci powierzchni\u0119 u\u017cytkow\u0105.<\/li>\n<li>Zje\u017cd\u017calnia zosta\u0142a zaprojektowana w zgodno\u015bci z norm\u0105 PN-EN 1176-3:2017-12.<\/li>\n<li>Gwarancja na okres 5 lat.<\/li>\n<\/ul>\n","protected":false},"featured_media":36655,"comment_status":"open","ping_status":"closed","template":"","meta":{"_acf_changed":false},"product_brand":[],"product_cat":[83,610],"product_tag":[612],"class_list":{"0":"post-34052","1":"product","2":"type-product","3":"status-publish","4":"has-post-thumbnail","6":"product_cat-zjezdzalnie-burtowe","7":"product_cat-zjezdzalnie-z-fala","8":"product_tag-wysokie-burty","10":"first","11":"instock","12":"shipping-taxable","13":"product-type-simple"},"acf":[],"_links":{"self":[{"href":"https:\/\/deinox.eu\/es\/wp-json\/wp\/v2\/product\/34052","targetHints":{"allow":["GET"]}}],"collection":[{"href":"https:\/\/deinox.eu\/es\/wp-json\/wp\/v2\/product"}],"about":[{"href":"https:\/\/deinox.eu\/es\/wp-json\/wp\/v2\/types\/product"}],"replies":[{"embeddable":true,"href":"https:\/\/deinox.eu\/es\/wp-json\/wp\/v2\/comments?post=34052"}],"wp:featuredmedia":[{"embeddable":true,"href":"https:\/\/deinox.eu\/es\/wp-json\/wp\/v2\/media\/36655"}],"wp:attachment":[{"href":"https:\/\/deinox.eu\/es\/wp-json\/wp\/v2\/media?parent=34052"}],"wp:term":[{"taxonomy":"product_brand","embeddable":true,"href":"https:\/\/deinox.eu\/es\/wp-json\/wp\/v2\/product_brand?post=34052"},{"taxonomy":"product_cat","embeddable":true,"href":"https:\/\/deinox.eu\/es\/wp-json\/wp\/v2\/product_cat?post=34052"},{"taxonomy":"product_tag","embeddable":true,"href":"https:\/\/deinox.eu\/es\/wp-json\/wp\/v2\/product_tag?post=34052"}],"curies":[{"name":"wp","href":"https:\/\/api.w.org\/{rel}","templated":true}]}}