{"id":48715,"date":"2025-06-26T10:41:02","date_gmt":"2025-06-26T08:41:02","guid":{"rendered":"https:\/\/deinox.eu\/?page_id=48715"},"modified":"2025-06-26T11:20:05","modified_gmt":"2025-06-26T09:20:05","slug":"toboggans-larges","status":"publish","type":"page","link":"https:\/\/deinox.eu\/fr\/offre\/toboggans-larges\/","title":{"rendered":"Toboggans larges"},"content":{"rendered":"<section class=\"l-section wpb_row height_medium width_full color_alternate\"><div class=\"l-section-overlay\" style=\"background:rgba(23,36,69,0.75)\"><\/div><div class=\"l-section-h i-cf\"><div class=\"g-cols vc_row via_flex valign_top type_default stacking_default\"><div class=\"vc_col-sm-12 wpb_column vc_column_container\"><div class=\"vc_column-inner\"><div class=\"wpb_wrapper\"><div class=\"wpb_text_column us_custom_58b1af09\"><div class=\"wpb_wrapper\"><h1>Toboggans larges<\/h1>\n<\/div><\/div><div class=\"w-separator size_small\"><\/div><nav class=\"g-breadcrumbs separator_icon align_center\" itemscope itemtype=\"http:\/\/schema.org\/BreadcrumbList\"><div class=\"g-breadcrumbs-item\" itemscope itemprop=\"itemListElement\" itemtype=\"http:\/\/schema.org\/ListItem\"><a itemprop=\"item\" href=\"https:\/\/deinox.eu\/fr\/\"><span itemprop=\"name\">Accueil<\/span><\/a><meta itemprop=\"position\" content=\"1\"\/><\/div><div class=\"g-breadcrumbs-separator\"><i class=\"fas fa-angle-right\"><\/i><\/div><div class=\"g-breadcrumbs-item\">Pages<\/div><\/nav><\/div><\/div><\/div><\/div><\/div><\/section><section class=\"l-section wpb_row height_medium\"><div class=\"l-section-h i-cf\"><div class=\"g-cols vc_row via_flex valign_top type_default stacking_default\"><div class=\"vc_col-sm-12 wpb_column vc_column_container\"><div class=\"vc_column-inner\"><div class=\"wpb_wrapper\"><div class=\"g-cols wpb_row via_flex valign_top type_default stacking_default\"><div class=\"vc_col-sm-6 wpb_column vc_column_container\"><div class=\"vc_column-inner\"><div class=\"wpb_wrapper\"><div class=\"wpb_text_column us_custom_b481611e\"><div class=\"wpb_wrapper\"><h2><b>Avantages des toboggans larges: plus d\u2019espace, plus de plaisir!<\/b><\/h2>\n<\/div><\/div><div class=\"w-separator size_medium\"><\/div><div class=\"wpb_text_column us_custom_3e11d8f8\"><div class=\"wpb_wrapper\"><p>Les toboggans larges sont une excellente solution pour permettre \u00e0 plusieurs enfants de s\u2019amuser en m\u00eame temps. Gr\u00e2ce \u00e0 une surface plus large, les enfants disposent de plus d\u2019espace pour jouer ensemble, ce qui favorise le d\u00e9veloppement des comp\u00e9tences sociales et l\u2019int\u00e9gration.<\/p>\n<\/div><\/div><\/div><\/div><\/div><div class=\"vc_col-sm-6 wpb_column vc_column_container\"><div class=\"vc_column-inner\"><div class=\"wpb_wrapper\"><div class=\"w-grid us_grid type_grid layout_gallery_default cols_1 preload_style_spinner\" id=\"us_grid_1\" style=\"--columns:1;--gap:0.1rem;\" data-filterable=\"true\"><style>.layout_gallery_default .w-grid-item-h{}<\/style><div class=\"w-grid-list\">\t<article class=\"w-grid-item size_1x1 post-48740 attachment type-attachment status-inherit hentry\" data-id=\"48740\">\r\n\t\t<div class=\"w-grid-item-h\">\r\n\t\t\t\t\t\t\t<a ref=\"magnificPopupGrid\" href=\"https:\/\/deinox.eu\/wp-content\/uploads\/2025\/06\/Toboggans-larges-DEINOX.webp\" class=\"w-grid-item-anchor\" aria-label=\"Les toboggans larges DEINOX \u2013 pour une exp\u00e9rience ludique partag\u00e9e et s\u00e9curis\u00e9e\"><\/a>\r\n\t\t\t\t\t\t<div class=\"w-post-elm post_image usg_post_image_1 stretched\"><img loading=\"lazy\" decoding=\"async\" width=\"1024\" height=\"683\" src=\"https:\/\/deinox.eu\/wp-content\/uploads\/2025\/06\/Toboggans-larges-DEINOX.webp\" class=\"attachment-large size-large\" alt=\"Les toboggans larges DEINOX \u2013 pour une exp\u00e9rience ludique partag\u00e9e et s\u00e9curis\u00e9e\" srcset=\"https:\/\/deinox.eu\/wp-content\/uploads\/2025\/06\/Toboggans-larges-DEINOX.webp 1024w, https:\/\/deinox.eu\/wp-content\/uploads\/2025\/06\/Toboggans-larges-DEINOX-600x400.webp 600w, https:\/\/deinox.eu\/wp-content\/uploads\/2025\/06\/Toboggans-larges-DEINOX-300x200.webp 300w\" sizes=\"auto, (max-width: 1024px) 100vw, 1024px\" \/><\/div>\t\t<\/div>\r\n\t\t\t<\/article>\r\n<\/div>\t<div class=\"w-grid-preloader\">\r\n\t\t<div class=\"g-preloader type_1\">\r\n\t\t\t<div><\/div>\r\n\t\t<\/div>\r\n\t<\/div>\r\n\t\t<div class=\"w-grid-json hidden\" onclick='return {&quot;action&quot;:&quot;us_ajax_grid&quot;,&quot;infinite_scroll&quot;:0,&quot;max_num_pages&quot;:1,&quot;pagination&quot;:&quot;none&quot;,&quot;template_vars&quot;:{&quot;columns&quot;:&quot;1&quot;,&quot;exclude_items&quot;:&quot;none&quot;,&quot;img_size&quot;:&quot;default&quot;,&quot;ignore_items_size&quot;:0,&quot;items_layout&quot;:&quot;gallery_default&quot;,&quot;items_offset&quot;:&quot;1&quot;,&quot;load_animation&quot;:&quot;none&quot;,&quot;overriding_link&quot;:&quot;%7B%22type%22%3A%22popup_image%22%7D&quot;,&quot;post_id&quot;:0,&quot;query_args&quot;:{&quot;post_type&quot;:[&quot;attachment&quot;],&quot;post__in&quot;:[&quot;48740&quot;],&quot;post_status&quot;:&quot;inherit&quot;,&quot;post_mime_type&quot;:&quot;image&quot;,&quot;posts_per_page&quot;:&quot;10&quot;},&quot;orderby_query_args&quot;:{&quot;orderby&quot;:{&quot;date&quot;:&quot;DESC&quot;}},&quot;type&quot;:&quot;grid&quot;,&quot;us_grid_post_type&quot;:&quot;attachment&quot;,&quot;us_grid_ajax_index&quot;:1,&quot;us_grid_filter_query_string&quot;:null,&quot;us_grid_index&quot;:1,&quot;page_args&quot;:[],&quot;lang&quot;:&quot;fr&quot;}}'><\/div>\r\n\t<\/div><\/div><\/div><\/div><\/div><\/div><\/div><\/div><\/div><\/div><\/section><section class=\"l-section wpb_row height_large\"><div class=\"l-section-overlay\" style=\"background:#f5f8ff\"><\/div><div class=\"l-section-h i-cf\"><div class=\"g-cols vc_row via_flex valign_top type_default stacking_default\"><div class=\"vc_col-sm-12 wpb_column vc_column_container\"><div class=\"vc_column-inner\"><div class=\"wpb_wrapper\"><div class=\"g-cols wpb_row via_flex valign_top type_default stacking_default\"><div class=\"vc_col-sm-5 wpb_column vc_column_container\"><div class=\"vc_column-inner\"><div class=\"wpb_wrapper\"><div class=\"w-image style_shadow-1 align_none\"><a ref=\"magnificPopup\" href=\"https:\/\/deinox.eu\/wp-content\/uploads\/2025\/06\/Des-conceptions-uniques-de-toboggans-larges.webp\" aria-label=\"Des conceptions uniques de toboggans larges\" class=\"w-image-h\"><img decoding=\"async\" width=\"758\" height=\"653\" src=\"https:\/\/deinox.eu\/wp-content\/uploads\/2025\/06\/Des-conceptions-uniques-de-toboggans-larges.webp\" class=\"attachment-full size-full\" alt=\"Des conceptions uniques de toboggans larges\" loading=\"lazy\" srcset=\"https:\/\/deinox.eu\/wp-content\/uploads\/2025\/06\/Des-conceptions-uniques-de-toboggans-larges.webp 758w, https:\/\/deinox.eu\/wp-content\/uploads\/2025\/06\/Des-conceptions-uniques-de-toboggans-larges-600x517.webp 600w, https:\/\/deinox.eu\/wp-content\/uploads\/2025\/06\/Des-conceptions-uniques-de-toboggans-larges-300x258.webp 300w\" sizes=\"auto, (max-width: 758px) 100vw, 758px\" \/><\/a><\/div><\/div><\/div><\/div><div class=\"vc_col-sm-7 wpb_column vc_column_container\"><div class=\"vc_column-inner\"><div class=\"wpb_wrapper\"><div class=\"wpb_text_column us_custom_4e55af8d has_text_color\"><div class=\"wpb_wrapper\"><h2>Des conceptions uniques de toboggans larges: pas seulement pour les enfants!<\/h2>\n<\/div><\/div><div class=\"w-separator size_medium\"><\/div><div class=\"w-iconbox iconpos_left style_default color_primary align_left\"><div class=\"w-iconbox-icon\" style=\"font-size:2rem;\"><i class=\"material-icons\">family_restroom<\/i><\/div><div class=\"w-iconbox-meta\"><h5 class=\"w-iconbox-title\">Toboggans larges pour tous<\/h5><div class=\"w-iconbox-text\"><p>Chez DEINOX, nous concevons des toboggans larges non seulement pour les enfants, mais aussi pour les adolescents et les adultes. Nos mod\u00e8les sont adapt\u00e9s \u00e0 diff\u00e9rents groupes d\u2019\u00e2ge.<\/p>\n<\/div><\/div><\/div><div class=\"w-separator size_small\"><\/div><div class=\"w-iconbox iconpos_left style_default color_primary align_left\"><div class=\"w-iconbox-icon\" style=\"font-size:2rem;\"><i class=\"material-icons\">people<\/i><\/div><div class=\"w-iconbox-meta\"><h5 class=\"w-iconbox-title\">Plaisir partag\u00e9 sur les toboggans larges<\/h5><div class=\"w-iconbox-text\"><p>Un toboggan large permet \u00e0 plusieurs personnes de glisser en m\u00eame temps, comme un parent avec son enfant, tout en favorisant l\u2019interaction et la convivialit\u00e9 \u00e0 travers le jeu et la comp\u00e9tition.<\/p>\n<\/div><\/div><\/div><div class=\"w-separator size_small\"><\/div><div class=\"w-iconbox iconpos_left style_default color_primary align_left\"><div class=\"w-iconbox-icon\" style=\"font-size:2rem;\"><i class=\"material-icons\">star<\/i><\/div><div class=\"w-iconbox-meta\"><h5 class=\"w-iconbox-title\">Une attraction pour tous<\/h5><div class=\"w-iconbox-text\"><p>Les toboggans larges s\u00e9duisent tous les utilisateurs \u2013 ils sont parfaits pour les lieux o\u00f9 enfants et adultes peuvent profiter ensemble du plaisir de la glissade.<\/p>\n<\/div><\/div><\/div><\/div><\/div><\/div><\/div><\/div><\/div><\/div><\/div><\/div><\/section><section class=\"l-section wpb_row height_large color_alternate\"><div class=\"l-section-h i-cf\"><div class=\"g-cols vc_row via_flex valign_top type_default stacking_default\"><div class=\"vc_col-sm-12 wpb_column vc_column_container\"><div class=\"vc_column-inner\"><div class=\"wpb_wrapper\"><div class=\"g-cols wpb_row via_flex valign_top type_default stacking_default\"><div class=\"vc_col-sm-7 wpb_column vc_column_container\"><div class=\"vc_column-inner\"><div class=\"wpb_wrapper\"><div class=\"wpb_text_column us_custom_4e55af8d has_text_color\"><div class=\"wpb_wrapper\"><h2><b>Des toboggans larges en acier \u2013 parfaits pour tous les espaces!<\/b><\/h2>\n<\/div><\/div><div class=\"w-separator size_medium\"><\/div><div class=\"wpb_text_column\"><div class=\"wpb_wrapper\"><p>Les toboggans larges en acier DEINOX sont une solution id\u00e9ale pour une grande vari\u00e9t\u00e9 d\u2019environnements \u2013 aussi bien en int\u00e9rieur, comme les centres commerciaux, h\u00f4tels, parcs de loisirs pour enfants, \u00e9coles, cr\u00e8ches et bien d\u2019autres, qu\u2019en ext\u00e9rieur, sur des pentes, aires de jeux ou espaces publics.<\/p>\n<p>Gr\u00e2ce \u00e0 la diversit\u00e9 de nos conceptions, chacun peut trouver un mod\u00e8le adapt\u00e9 \u00e0 la configuration du terrain et \u00e0 ses besoins sp\u00e9cifiques.<\/p>\n<\/div><\/div><\/div><\/div><\/div><div class=\"vc_col-sm-5 wpb_column vc_column_container\"><div class=\"vc_column-inner\"><div class=\"wpb_wrapper\"><div class=\"w-image style_shadow-1 align_none\"><a ref=\"magnificPopup\" href=\"https:\/\/deinox.eu\/wp-content\/uploads\/2025\/06\/Des-toboggans-larges-en-acier.webp\" aria-label=\"Des toboggans larges en acier \u2013 parfaits pour tous les espaces !\" class=\"w-image-h\"><img decoding=\"async\" width=\"1024\" height=\"471\" src=\"https:\/\/deinox.eu\/wp-content\/uploads\/2025\/06\/Des-toboggans-larges-en-acier.webp\" class=\"attachment-full size-full\" alt=\"Des toboggans larges en acier \u2013 parfaits pour tous les espaces !\" loading=\"lazy\" srcset=\"https:\/\/deinox.eu\/wp-content\/uploads\/2025\/06\/Des-toboggans-larges-en-acier.webp 1024w, https:\/\/deinox.eu\/wp-content\/uploads\/2025\/06\/Des-toboggans-larges-en-acier-600x276.webp 600w, https:\/\/deinox.eu\/wp-content\/uploads\/2025\/06\/Des-toboggans-larges-en-acier-300x138.webp 300w\" sizes=\"auto, (max-width: 1024px) 100vw, 1024px\" \/><\/a><\/div><\/div><\/div><\/div><\/div><\/div><\/div><\/div><\/div><\/div><\/section><section class=\"l-section wpb_row height_large\"><div class=\"l-section-overlay\" style=\"background:#f5f8ff\"><\/div><div class=\"l-section-h i-cf\"><div class=\"g-cols vc_row via_flex valign_top type_default stacking_default\"><div class=\"vc_col-sm-12 wpb_column vc_column_container\"><div class=\"vc_column-inner\"><div class=\"wpb_wrapper\"><div class=\"g-cols wpb_row via_flex valign_top type_default stacking_default\"><div class=\"vc_col-sm-7 wpb_column vc_column_container\"><div class=\"vc_column-inner\"><div class=\"wpb_wrapper\"><div class=\"wpb_text_column us_custom_4e55af8d has_text_color\"><div class=\"wpb_wrapper\"><h2>Toboggans larges et s\u00e9curit\u00e9: ce qu\u2019il faut savoir<\/h2>\n<\/div><\/div><div class=\"w-separator size_medium\"><\/div><div class=\"wpb_text_column\"><div class=\"wpb_wrapper\"><p>La s\u00e9curit\u00e9 est notre priorit\u00e9. Les toboggans larges DEINOX sont con\u00e7us pour garantir un jeu s\u00fbr et r\u00e9pondent \u00e0 toutes les exigences et normes en vigueur pour les aires de jeux. Nous utilisons uniquement des mat\u00e9riaux de haute qualit\u00e9 \u2013 nos toboggans sont fabriqu\u00e9s en acier inoxydable, assurant durabilit\u00e9 et r\u00e9sistance \u00e0 long terme.<br \/>\nNous accordons \u00e9galement une attention particuli\u00e8re \u00e0 l\u2019esth\u00e9tique et aux finitions, afin de r\u00e9pondre aux attentes des clients les plus exigeants.<\/p>\n<\/div><\/div><\/div><\/div><\/div><div class=\"vc_col-sm-5 wpb_column vc_column_container\"><div class=\"vc_column-inner\"><div class=\"wpb_wrapper\"><div class=\"w-image style_shadow-1 align_none\"><a ref=\"magnificPopup\" href=\"https:\/\/deinox.eu\/wp-content\/uploads\/2025\/06\/Toboggans-larges-et-securite.webp\" aria-label=\"Toboggans larges et s\u00e9curit\u00e9\" class=\"w-image-h\"><img decoding=\"async\" width=\"1024\" height=\"675\" src=\"https:\/\/deinox.eu\/wp-content\/uploads\/2025\/06\/Toboggans-larges-et-securite.webp\" class=\"attachment-full size-full\" alt=\"Toboggans larges et s\u00e9curit\u00e9\" loading=\"lazy\" srcset=\"https:\/\/deinox.eu\/wp-content\/uploads\/2025\/06\/Toboggans-larges-et-securite.webp 1024w, https:\/\/deinox.eu\/wp-content\/uploads\/2025\/06\/Toboggans-larges-et-securite-600x396.webp 600w, https:\/\/deinox.eu\/wp-content\/uploads\/2025\/06\/Toboggans-larges-et-securite-300x198.webp 300w\" sizes=\"auto, (max-width: 1024px) 100vw, 1024px\" \/><\/a><\/div><\/div><\/div><\/div><\/div><\/div><\/div><\/div><\/div><\/div><\/section><section class=\"l-section wpb_row height_large\"><div class=\"l-section-h i-cf\"><div class=\"g-cols vc_row via_flex valign_middle type_default stacking_default\"><div class=\"vc_col-sm-12 wpb_column vc_column_container\"><div class=\"vc_column-inner\"><div class=\"wpb_wrapper\"><div class=\"g-cols wpb_row via_flex valign_middle type_default stacking_default\"><div class=\"vc_col-sm-8 wpb_column vc_column_container\"><div class=\"vc_column-inner\"><div class=\"wpb_wrapper\"><div class=\"wpb_text_column us_custom_10ef9e44 has_text_color\"><div class=\"wpb_wrapper\"><h2><b>R\u00e9alisations de toboggans larges DEINOX<\/b><\/h2>\n<\/div><\/div><div class=\"w-separator size_small\"><\/div><div class=\"wpb_text_column us_custom_7145cc50\"><div class=\"wpb_wrapper\"><p>D\u00e9couvrez nos r\u00e9alisations de toboggans larges DEINOX, install\u00e9s avec succ\u00e8s dans divers lieux \u00e0 travers le monde! Ils font le bonheur des enfants comme des adultes, dans des environnements publics, \u00e9ducatifs et commerciaux.<\/p>\n<\/div><\/div><\/div><\/div><\/div><div class=\"vc_col-sm-4 wpb_column vc_column_container\"><div class=\"vc_column-inner\"><div class=\"wpb_wrapper\"><div class=\"w-btn-wrapper align_center\"><a class=\"w-btn us-btn-style_1\" title=\"Realizacje\" href=\"https:\/\/deinox.eu\/fr\/realisations\/\"><span class=\"w-btn-label\">Voir toutes les r\u00e9alisations<\/span><\/a><\/div><\/div><\/div><\/div><\/div><div class=\"w-separator size_medium\"><\/div><\/div><\/div><\/div><\/div><\/div><\/section><section class=\"l-section wpb_row us_custom_4edece6e height_large width_full\"><div class=\"l-section-h i-cf\"><div class=\"g-cols vc_row via_flex valign_top type_default stacking_default\"><div class=\"vc_col-sm-12 wpb_column vc_column_container\"><div class=\"vc_column-inner\"><div class=\"wpb_wrapper\"><section class=\"l-section wpb_row height_medium width_full\"><div class=\"l-section-h i-cf\"><div class=\"g-cols vc_row via_flex valign_top type_default stacking_default\"><div class=\"vc_col-sm-12 wpb_column vc_column_container\"><div class=\"vc_column-inner\"><div class=\"wpb_wrapper\"><div class=\"w-grid us_grid type_grid layout_27750 no_results cols_5 pagination_ajax preload_style_spinner open_items_in_popup ratio_1x1\" id=\"us_grid_2\" style=\"--columns:5;--gap:0.1rem;--item-ratio:1;\" data-filterable=\"true\"><style>@media (max-width:1280px){#us_grid_2{--columns:3!important}}@media (max-width:1024px){#us_grid_2{--columns:2!important}}@media (max-width:600px){#us_grid_2{--columns:1!important}}.layout_27750 .w-grid-item-h{}.layout_27750 .usg_vwrapper_1{transition-duration:0.4s;transform-origin:50% 50%;transform:scale(1) translate(0%,0%);opacity:0.9}.layout_27750 .w-grid-item-h:focus-within .usg_vwrapper_1,.layout_27750 .w-grid-item-h:hover .usg_vwrapper_1{transform:scale(1) translate(0%,0%);opacity:1}.layout_27750 .usg_post_title_1{transition-duration:0.35s;transform-origin:50% 50%;transform:scale(1) translate(0%,30%)}.layout_27750 .w-grid-item-h:focus-within .usg_post_title_1,.layout_27750 .w-grid-item-h:hover .usg_post_title_1{transform:scale(1) translate(0%,15%);opacity:1}.layout_27750 .usg_post_taxonomy_1{transition-duration:0.35s;transform-origin:50% 50%;transform:scale(1) translate(0%,15%);opacity:0.8}.layout_27750 .w-grid-item-h:focus-within .usg_post_taxonomy_1,.layout_27750 .w-grid-item-h:hover .usg_post_taxonomy_1{transform:scale(1) translate(0%,0%);opacity:1}.layout_27750 .usg_post_image_1{position:absolute!important;top:0!important;right:0!important;bottom:0!important;left:0!important}.layout_27750 .usg_vwrapper_1{position:absolute!important;left:0!important;bottom:-1px!important;right:0!important;background:linear-gradient(transparent,rgba(30,30,30,0.8))!important;padding:5rem 2rem 1.5rem 2rem!important}.layout_27750 .usg_post_title_1{color:#ffffff!important;font-size:1.4rem!important;line-height:1.2!important;font-weight:700!important}.layout_27750 .usg_post_taxonomy_1{color:#ffffff!important;font-size:0.9rem!important}<\/style><div class=\"w-grid-list\"><\/div>\t<div class=\"w-grid-preloader\">\r\n\t\t<div class=\"g-preloader type_1\">\r\n\t\t\t<div><\/div>\r\n\t\t<\/div>\r\n\t<\/div>\r\n\t\t<div class=\"w-grid-json hidden\" onclick='return {&quot;action&quot;:&quot;us_ajax_grid&quot;,&quot;infinite_scroll&quot;:0,&quot;max_num_pages&quot;:0,&quot;pagination&quot;:&quot;ajax&quot;,&quot;template_vars&quot;:{&quot;columns&quot;:&quot;5&quot;,&quot;exclude_items&quot;:&quot;none&quot;,&quot;img_size&quot;:&quot;us_600_600_crop&quot;,&quot;ignore_items_size&quot;:0,&quot;items_layout&quot;:&quot;27750&quot;,&quot;items_offset&quot;:&quot;1&quot;,&quot;load_animation&quot;:&quot;none&quot;,&quot;overriding_link&quot;:&quot;%7B%22type%22%3A%22popup_post%22%7D&quot;,&quot;post_id&quot;:27751,&quot;query_args&quot;:{&quot;post_type&quot;:[&quot;us_portfolio&quot;],&quot;post_status&quot;:[&quot;publish&quot;,&quot;acf-disabled&quot;,&quot;wc-ywraq-new&quot;,&quot;wc-ywraq-pending&quot;,&quot;wc-ywraq-expired&quot;,&quot;wc-ywraq-accepted&quot;,&quot;wc-ywraq-rejected&quot;],&quot;posts_per_page&quot;:&quot;5&quot;},&quot;orderby_query_args&quot;:{&quot;orderby&quot;:{&quot;date&quot;:&quot;DESC&quot;}},&quot;type&quot;:&quot;grid&quot;,&quot;us_grid_post_type&quot;:&quot;us_portfolio&quot;,&quot;us_grid_ajax_index&quot;:1,&quot;us_grid_filter_query_string&quot;:null,&quot;us_grid_index&quot;:2,&quot;page_args&quot;:[],&quot;lang&quot;:&quot;fr&quot;}}'><\/div>\r\n\t<div class=\"l-popup\">\r\n\t<div class=\"l-popup-overlay\"><\/div>\r\n\t<div class=\"l-popup-wrap\">\r\n\t\t<button class=\"l-popup-closer\" type=\"button\" aria-label=\"Fermer\"><\/button>\r\n\t\t\t\t\t<button class=\"l-popup-arrow to_prev hidden\" type=\"button\" title=\"Pr\u00e9c\u00e9dent\"><\/button>\r\n\t\t\t<button class=\"l-popup-arrow to_next hidden\" type=\"button\" title=\"Suivant\"><\/button>\r\n\t\t\t\t<div class=\"l-popup-box\">\r\n\t\t\t<div class=\"l-popup-box-content\">\r\n\t\t\t\t<div class=\"g-preloader type_1\">\r\n\t\t\t\t\t<div><\/div>\r\n\t\t\t\t<\/div>\r\n\t\t\t\t<iframe class=\"l-popup-box-content-frame\" allowfullscreen><\/iframe>\r\n\t\t\t<\/div>\r\n\t\t<\/div>\r\n\t<\/div>\r\n<\/div>\r\n<\/div><div class=\"w-grid-none type_message\">Aucun r\u00e9sultat.<\/div><\/div><\/div><\/div><\/div><\/div><\/section>\n<\/div><\/div><\/div><\/div><\/div><\/section><section class=\"l-section wpb_row height_medium\"><div class=\"l-section-h i-cf\"><div class=\"g-cols vc_row via_flex valign_middle type_default stacking_default\"><div class=\"vc_col-sm-12 wpb_column vc_column_container\"><div class=\"vc_column-inner\"><div class=\"wpb_wrapper\"><div class=\"wpb_text_column us_custom_0402e9e3 has_text_color\"><div class=\"wpb_wrapper\"><h2><b>FAQ \u2013 Toboggans larges<\/b><\/h2>\n<\/div><\/div><div class=\"w-separator size_small\"><\/div><div class=\"wpb_text_column us_custom_50e90a45\"><div class=\"wpb_wrapper\"><p>Vous avez des questions sur les toboggans larges ? Contactez-nous!<\/p>\n<\/div><\/div><div class=\"w-separator size_medium\"><\/div><div class=\"w-tabs us_custom_41843a68 style_default switch_click accordion type_togglable has_scrolling remove_indents\" style=\"--sections-title-size:inherit\"><div class=\"w-tabs-sections titles-align_none icon_plus cpos_right\"><div class=\"w-tabs-section\" id=\"m3e1\" itemscope itemprop=\"mainEntity\" itemtype=\"https:\/\/schema.org\/Question\"><button class=\"w-tabs-section-header\" aria-controls=\"content-m3e1\" aria-expanded=\"false\"><h3 class=\"w-tabs-section-title\" itemprop=\"name\">Comment choisir un toboggan large pour votre structure ou aire de jeux?<\/h3><div class=\"w-tabs-section-control\"><\/div><\/button><div  class=\"w-tabs-section-content\" id=\"content-m3e1\" itemscope itemprop=\"acceptedAnswer\" itemtype=\"https:\/\/schema.org\/Answer\"><div class=\"w-tabs-section-content-h i-cf\" itemprop=\"text\"><div class=\"wpb_text_column\"><div class=\"wpb_wrapper\"><p>Lors du choix du toboggan large id\u00e9al, plusieurs facteurs doivent \u00eatre pris en compte : l\u2019espace disponible, l\u2019\u00e2ge des utilisateurs, les pr\u00e9f\u00e9rences en mati\u00e8re de largeur, de formes et de couleurs, ainsi que le budget. Chez DEINOX, nous offrons un accompagnement professionnel et vous aidons \u00e0 s\u00e9lectionner le toboggan le mieux adapt\u00e9 \u00e0 vos besoins sp\u00e9cifiques.<\/p>\n<p>Les toboggans larges les plus courants sont des toboggans \u00e0 rebords de 1 m, 1,5 m et 2 m de largeur. Cependant, nous sommes en mesure de concevoir un toboggan sur mesure avec la largeur de votre choix ! DEINOX propose \u00e9galement des toboggans en rigole droits de 1 m\u00e8tre de large, voire plus !<\/p>\n<p>En collaborant avec nous, vous avez la garantie de recevoir un toboggan large de haute qualit\u00e9, r\u00e9pondant aux attentes des enfants comme des adultes. Contactez-nous pour en savoir plus sur nos produits et services, ou utilisez notre formulaire de devis.<\/p>\n<\/div><\/div><\/div><\/div><\/div><div class=\"w-tabs-section\" id=\"r49b\" itemscope itemprop=\"mainEntity\" itemtype=\"https:\/\/schema.org\/Question\"><button class=\"w-tabs-section-header\" aria-controls=\"content-r49b\" aria-expanded=\"false\"><h3 class=\"w-tabs-section-title\" itemprop=\"name\">Les toboggans larges en acier inoxydable sont-ils r\u00e9sistants \u00e0 la corrosion et aux intemp\u00e9ries?<\/h3><div class=\"w-tabs-section-control\"><\/div><\/button><div  class=\"w-tabs-section-content\" id=\"content-r49b\" itemscope itemprop=\"acceptedAnswer\" itemtype=\"https:\/\/schema.org\/Answer\"><div class=\"w-tabs-section-content-h i-cf\" itemprop=\"text\"><div class=\"wpb_text_column\"><div class=\"wpb_wrapper\"><p>Oui, les toboggans en acier inoxydable sont hautement r\u00e9sistants \u00e0 la corrosion et aux conditions m\u00e9t\u00e9orologiques vari\u00e9es. L\u2019acier inoxydable utilis\u00e9 pour la fabrication de nos toboggans se distingue par sa r\u00e9sistance exceptionnelle \u00e0 l\u2019humidit\u00e9, aux variations de temp\u00e9rature et \u00e0 d\u2019autres facteurs pouvant compromettre la durabilit\u00e9 des structures.<\/p>\n<\/div><\/div><\/div><\/div><\/div><div class=\"w-tabs-section\" id=\"u541\" itemscope itemprop=\"mainEntity\" itemtype=\"https:\/\/schema.org\/Question\"><button class=\"w-tabs-section-header\" aria-controls=\"content-u541\" aria-expanded=\"false\"><h3 class=\"w-tabs-section-title\" itemprop=\"name\">\u00c0 quelle fr\u00e9quence faut-il effectuer l\u2019entretien et l\u2019inspection d\u2019un toboggan?<\/h3><div class=\"w-tabs-section-control\"><\/div><\/button><div  class=\"w-tabs-section-content\" id=\"content-u541\" itemscope itemprop=\"acceptedAnswer\" itemtype=\"https:\/\/schema.org\/Answer\"><div class=\"w-tabs-section-content-h i-cf\" itemprop=\"text\"><div class=\"wpb_text_column\"><div class=\"wpb_wrapper\"><p>Il est recommand\u00e9 d\u2019effectuer une inspection technique du toboggan au moins une fois par an. Cela permet de v\u00e9rifier l\u2019\u00e9tat de la structure et de d\u00e9tecter d\u2019\u00e9ventuels d\u00e9fauts mineurs avant qu\u2019ils ne deviennent probl\u00e9matiques. Quant \u00e0 l\u2019entretien, il d\u00e9pend des sp\u00e9cificit\u00e9s de l\u2019emplacement et des conditions climatiques locales \u2014 un nettoyage plus fr\u00e9quent peut \u00eatre n\u00e9cessaire dans certains cas. Il est essentiel de maintenir r\u00e9guli\u00e8rement le toboggan propre afin de pr\u00e9server son bon \u00e9tat et sa durabilit\u00e9 dans le temps.<\/p>\n<\/div><\/div><\/div><\/div><\/div><\/div><\/div><\/div><\/div><\/div><\/div><\/div><\/section>\n","protected":false},"excerpt":{"rendered":"Les toboggans larges DEINOX \u2013 pour une exp\u00e9rience ludique partag\u00e9e et s\u00e9curis\u00e9e","protected":false},"author":1,"featured_media":48740,"parent":47610,"menu_order":0,"comment_status":"closed","ping_status":"closed","template":"","meta":{"_acf_changed":false,"footnotes":"","_wp_rev_ctl_limit":""},"class_list":["post-48715","page","type-page","status-publish","has-post-thumbnail","hentry"],"acf":[],"_links":{"self":[{"href":"https:\/\/deinox.eu\/fr\/wp-json\/wp\/v2\/pages\/48715","targetHints":{"allow":["GET"]}}],"collection":[{"href":"https:\/\/deinox.eu\/fr\/wp-json\/wp\/v2\/pages"}],"about":[{"href":"https:\/\/deinox.eu\/fr\/wp-json\/wp\/v2\/types\/page"}],"author":[{"embeddable":true,"href":"https:\/\/deinox.eu\/fr\/wp-json\/wp\/v2\/users\/1"}],"replies":[{"embeddable":true,"href":"https:\/\/deinox.eu\/fr\/wp-json\/wp\/v2\/comments?post=48715"}],"version-history":[{"count":4,"href":"https:\/\/deinox.eu\/fr\/wp-json\/wp\/v2\/pages\/48715\/revisions"}],"predecessor-version":[{"id":48767,"href":"https:\/\/deinox.eu\/fr\/wp-json\/wp\/v2\/pages\/48715\/revisions\/48767"}],"up":[{"embeddable":true,"href":"https:\/\/deinox.eu\/fr\/wp-json\/wp\/v2\/pages\/47610"}],"wp:featuredmedia":[{"embeddable":true,"href":"https:\/\/deinox.eu\/fr\/wp-json\/wp\/v2\/media\/48740"}],"wp:attachment":[{"href":"https:\/\/deinox.eu\/fr\/wp-json\/wp\/v2\/media?parent=48715"}],"curies":[{"name":"wp","href":"https:\/\/api.w.org\/{rel}","templated":true}]}}