{"id":33943,"date":"2024-06-30T13:54:46","date_gmt":"2024-06-30T11:54:46","guid":{"rendered":"https:\/\/deinox.eu\/?post_type=product&#038;p=33943"},"modified":"2024-08-13T10:47:00","modified_gmt":"2024-08-13T08:47:00","slug":"zjezdzalnia-prosta-niskie-burty-deinox-btnp-40-500-h1500","status":"publish","type":"product","link":"https:\/\/deinox.eu\/fr\/produkt\/zjezdzalnia-prosta-niskie-burty-deinox-btnp-40-500-h1500\/","title":{"rendered":"Zje\u017cd\u017calnia prosta niskie burty DEINOX BTNP-40-500 H1500"},"content":{"rendered":"<ul>\n<li>Wykonana ze stali nierdzewnej 1.4301.<\/li>\n<li>Konstrukcja przeznaczona do zamocowania do wie\u017cy\/podestu o wysoko\u015bci 1.25m &#8211; 1.50m.<\/li>\n<li>Powierzchnia wewn\u0119trzna zje\u017cd\u017calni stanowi w ca\u0142o\u015bci powierzchni\u0119 u\u017cytkow\u0105.<\/li>\n<li>Zje\u017cd\u017calnia zosta\u0142a zaprojektowana w zgodno\u015bci z norm\u0105 PN-EN 1176-3:2017-12.<\/li>\n<li>Gwarancja na okres 5 lat.<\/li>\n<\/ul>\n","protected":false},"excerpt":{"rendered":"<ul>\n<li>Wykonana ze stali nierdzewnej 1.4301.<\/li>\n<li>Konstrukcja przeznaczona do zamocowania do wie\u017cy\/podestu o wysoko\u015bci 1.25m &#8211; 1.50m.<\/li>\n<li>Powierzchnia wewn\u0119trzna zje\u017cd\u017calni stanowi w ca\u0142o\u015bci powierzchni\u0119 u\u017cytkow\u0105.<\/li>\n<li>Zje\u017cd\u017calnia zosta\u0142a zaprojektowana w zgodno\u015bci z norm\u0105 PN-EN 1176-3:2017-12.<\/li>\n<li>Gwarancja na okres 5 lat.<\/li>\n<\/ul>\n","protected":false},"featured_media":36731,"comment_status":"open","ping_status":"closed","template":"","meta":{"_acf_changed":false},"product_brand":[],"product_cat":[83,611],"product_tag":[613],"class_list":{"0":"post-33943","1":"product","2":"type-product","3":"status-publish","4":"has-post-thumbnail","6":"product_cat-zjezdzalnie-burtowe","7":"product_cat-zjezdzalnie-proste-2","8":"product_tag-niskie-burty","10":"first","11":"instock","12":"shipping-taxable","13":"product-type-simple"},"acf":[],"_links":{"self":[{"href":"https:\/\/deinox.eu\/fr\/wp-json\/wp\/v2\/product\/33943","targetHints":{"allow":["GET"]}}],"collection":[{"href":"https:\/\/deinox.eu\/fr\/wp-json\/wp\/v2\/product"}],"about":[{"href":"https:\/\/deinox.eu\/fr\/wp-json\/wp\/v2\/types\/product"}],"replies":[{"embeddable":true,"href":"https:\/\/deinox.eu\/fr\/wp-json\/wp\/v2\/comments?post=33943"}],"wp:featuredmedia":[{"embeddable":true,"href":"https:\/\/deinox.eu\/fr\/wp-json\/wp\/v2\/media\/36731"}],"wp:attachment":[{"href":"https:\/\/deinox.eu\/fr\/wp-json\/wp\/v2\/media?parent=33943"}],"wp:term":[{"taxonomy":"product_brand","embeddable":true,"href":"https:\/\/deinox.eu\/fr\/wp-json\/wp\/v2\/product_brand?post=33943"},{"taxonomy":"product_cat","embeddable":true,"href":"https:\/\/deinox.eu\/fr\/wp-json\/wp\/v2\/product_cat?post=33943"},{"taxonomy":"product_tag","embeddable":true,"href":"https:\/\/deinox.eu\/fr\/wp-json\/wp\/v2\/product_tag?post=33943"}],"curies":[{"name":"wp","href":"https:\/\/api.w.org\/{rel}","templated":true}]}}